{"id":267,"date":"2025-11-30T17:00:54","date_gmt":"2025-11-30T16:00:54","guid":{"rendered":"https:\/\/estellesebene.fr\/?page_id=267"},"modified":"2025-12-02T19:29:18","modified_gmt":"2025-12-02T18:29:18","slug":"le-miroir-de-subjugation","status":"publish","type":"page","link":"https:\/\/estellesebene.fr\/index.php\/le-miroir-de-subjugation\/","title":{"rendered":"Le Miroir de Subjugation"},"content":{"rendered":"\n<h3 class=\"wp-block-heading has-text-align-center\"><em><strong>Une romantasy proximit\u00e9 forc\u00e9e, amour interdit, enemies to lovers.<\/strong><\/em><\/h3>\n\n\n\n<div class=\"wp-block-group alignfull has-accent-background-color has-background has-global-padding is-layout-constrained wp-container-core-group-is-layout-669513ed wp-block-group-is-layout-constrained\" style=\"margin-top:0;margin-bottom:0;padding-top:var(--wp--preset--spacing--50);padding-right:var(--wp--preset--spacing--50);padding-bottom:var(--wp--preset--spacing--50);padding-left:var(--wp--preset--spacing--50)\">\n<div class=\"wp-block-columns alignwide is-layout-flex wp-container-core-columns-is-layout-1da03c2a wp-block-columns-is-layout-flex\">\n<div class=\"wp-block-column is-vertically-aligned-stretch is-layout-flow wp-block-column-is-layout-flow\" style=\"flex-basis:50%\">\n<p><strong>Il est d\u00e9vor\u00e9 par son pouvoir. Elle pense n\u2019en avoir aucun.<\/strong><\/p>\n\n\n\n<p><em>Elaheh<\/em><\/p>\n\n\n\n<p>Depuis la mort de mes parents, ma survie d\u2019humaine dans un monde domin\u00e9 par les d\u00e9mons est ma seule priorit\u00e9. Pourtant, j\u2019accepte de rendre service \u00e0 ma voisine en gardant son fils un soir. Mais quand elle est retrouv\u00e9e morte, et que l\u2019enfant doit \u00eatre plac\u00e9 en foyer, je suis incapable de le laisser.<\/p>\n\n\n\n<p>Ma tentative de m\u2019enfuir avec lui \u00e9choue, et quand je suis amen\u00e9e au Chef, l\u2019incube Kiran Alma, au lieu de me condamner, il d\u00e9cide de me garder pr\u00e8s de lui. Je ne comprends pas ce qu\u2019il me veut. Malgr\u00e9 tout ce qui nous s\u00e9pare, il m\u2019intrigue. Mais cela ne m\u2019emp\u00eachera pas de sauver l\u2019enfant.<\/p>\n\n\n\n<p><em>Kiran<\/em><\/p>\n\n\n\n<p>Mon pouvoir est de plus en plus instable. Un incube n\u2019est pas cens\u00e9 tuer ses victimes. Et si mes opposants s\u2019aper\u00e7oivent de cette faiblesse, mon poste de Chef sera en danger. C\u2019est un sujet bien plus pr\u00e9occupant qu\u2019une humaine essayant de s\u2019\u00e9chapper du Cercle.<\/p>\n\n\n\n<p>Sauf quand elle se r\u00e9v\u00e8le insensible \u00e0 mon pouvoir. Cette faille suppl\u00e9mentaire est inacceptable. Je dois trouver le moyen de la subjuguer. M\u00eame si cela implique de braver les interdits, et conserver Elaheh \u00e0 port\u00e9e de main.<\/p>\n<\/div>\n\n\n\n<div class=\"wp-block-column is-vertically-aligned-center is-layout-flow wp-block-column-is-layout-flow\" style=\"flex-basis:50%\">\n<figure class=\"wp-block-image size-large is-style-rounded is-style-rounded--1\"><img loading=\"lazy\" decoding=\"async\" width=\"640\" height=\"1024\" src=\"https:\/\/estellesebene.fr\/wp-content\/uploads\/2025\/03\/Le-Miroir-de-Subjugation-eBOOK-640x1024.jpg\" alt=\"Couverture du livre\" class=\"wp-image-183\" style=\"aspect-ratio:3\/4;object-fit:cover\" srcset=\"https:\/\/estellesebene.fr\/wp-content\/uploads\/2025\/03\/Le-Miroir-de-Subjugation-eBOOK-640x1024.jpg 640w, https:\/\/estellesebene.fr\/wp-content\/uploads\/2025\/03\/Le-Miroir-de-Subjugation-eBOOK-188x300.jpg 188w, https:\/\/estellesebene.fr\/wp-content\/uploads\/2025\/03\/Le-Miroir-de-Subjugation-eBOOK-768x1229.jpg 768w, https:\/\/estellesebene.fr\/wp-content\/uploads\/2025\/03\/Le-Miroir-de-Subjugation-eBOOK-960x1536.jpg 960w, https:\/\/estellesebene.fr\/wp-content\/uploads\/2025\/03\/Le-Miroir-de-Subjugation-eBOOK-1280x2048.jpg 1280w, https:\/\/estellesebene.fr\/wp-content\/uploads\/2025\/03\/Le-Miroir-de-Subjugation-eBOOK-600x960.jpg 600w, https:\/\/estellesebene.fr\/wp-content\/uploads\/2025\/03\/Le-Miroir-de-Subjugation-eBOOK.jpg 1600w\" sizes=\"auto, (max-width: 640px) 100vw, 640px\" \/><\/figure>\n<\/div>\n<\/div>\n\n\n\n<p><\/p>\n<\/div>\n\n\n\n<figure class=\"wp-block-video\"><video height=\"1920\" style=\"aspect-ratio: 1080 \/ 1920;\" width=\"1080\" controls src=\"https:\/\/estellesebene.fr\/wp-content\/uploads\/2025\/11\/booktrailer-miroir-3.mp4\"><\/video><\/figure>\n\n\n\n<div class=\"wp-block-group alignfull has-base-background-color has-background has-global-padding is-layout-constrained wp-container-core-group-is-layout-d89aad35 wp-block-group-is-layout-constrained\" style=\"margin-top:0;margin-bottom:0;padding-top:var(--wp--preset--spacing--50);padding-right:var(--wp--preset--spacing--50);padding-bottom:var(--wp--preset--spacing--50);padding-left:var(--wp--preset--spacing--50)\">\n<h2 class=\"wp-block-heading has-text-align-center\">L&rsquo;univers en musique<\/h2>\n\n\n\n<iframe loading=\"lazy\" title=\"deezer-widget\" src=\"https:\/\/widget.deezer.com\/widget\/dark\/playlist\/13133049263\" width=\"100%\" height=\"300\" frameborder=\"0\" allowtransparency=\"true\" allow=\"encrypted-media; clipboard-write\"><\/iframe>\n<\/div>\n\n\n\n<h2 class=\"wp-block-heading has-text-align-center\">Lire un extrait<\/h2>\n\n\n\n<div data-wp-interactive=\"core\/file\" class=\"wp-block-file\"><object data-wp-bind--hidden=\"!state.hasPdfPreview\" hidden class=\"wp-block-file__embed\" data=\"https:\/\/estellesebene.fr\/wp-content\/uploads\/2025\/11\/Extrait_Miroir_Subjugation.pdf\" type=\"application\/pdf\" style=\"width:100%;height:600px\" aria-label=\"Contenu embarqu\u00e9 Extrait_Miroir_Subjugation.\"><\/object><a id=\"wp-block-file--media-bb760574-c9d8-4e88-8f52-79d8a5595431\" href=\"https:\/\/estellesebene.fr\/wp-content\/uploads\/2025\/11\/Extrait_Miroir_Subjugation.pdf\">Extrait_Miroir_Subjugation<\/a><a href=\"https:\/\/estellesebene.fr\/wp-content\/uploads\/2025\/11\/Extrait_Miroir_Subjugation.pdf\" class=\"wp-block-file__button wp-element-button\" download aria-describedby=\"wp-block-file--media-bb760574-c9d8-4e88-8f52-79d8a5595431\">T\u00e9l\u00e9charger<\/a><\/div>\n\n\n\n<div class=\"wp-block-group alignfull has-global-padding is-layout-constrained wp-container-core-group-is-layout-669513ed wp-block-group-is-layout-constrained\" style=\"margin-top:0;margin-bottom:0;padding-top:var(--wp--preset--spacing--50);padding-right:var(--wp--preset--spacing--50);padding-bottom:var(--wp--preset--spacing--50);padding-left:var(--wp--preset--spacing--50)\">\n<div class=\"wp-block-group is-nowrap is-layout-flex wp-container-core-group-is-layout-6c531013 wp-block-group-is-layout-flex\">\n<div class=\"wp-block-group is-vertical is-layout-flex wp-container-core-group-is-layout-d6b9ab57 wp-block-group-is-layout-flex\">\n<h2 class=\"wp-block-heading has-text-align-center has-xx-large-font-size\">Les personnages<\/h2>\n\n\n\n<div style=\"height:0px\" aria-hidden=\"true\" class=\"wp-block-spacer wp-container-content-32e3a40d\"><\/div>\n<\/div>\n<\/div>\n\n\n\n<div class=\"wp-block-columns alignwide is-layout-flex wp-container-core-columns-is-layout-4935966c wp-block-columns-is-layout-flex\" style=\"padding-right:0;padding-left:0\">\n<div class=\"wp-block-column is-layout-flow wp-block-column-is-layout-flow\">\n<figure class=\"wp-block-image size-full is-style-rounded is-style-rounded--2\"><img loading=\"lazy\" decoding=\"async\" width=\"1080\" height=\"1350\" src=\"https:\/\/estellesebene.fr\/wp-content\/uploads\/2025\/11\/2.jpg\" alt=\"\" class=\"wp-image-269\" style=\"aspect-ratio:1;object-fit:cover\" srcset=\"https:\/\/estellesebene.fr\/wp-content\/uploads\/2025\/11\/2.jpg 1080w, https:\/\/estellesebene.fr\/wp-content\/uploads\/2025\/11\/2-240x300.jpg 240w, https:\/\/estellesebene.fr\/wp-content\/uploads\/2025\/11\/2-819x1024.jpg 819w, https:\/\/estellesebene.fr\/wp-content\/uploads\/2025\/11\/2-768x960.jpg 768w, https:\/\/estellesebene.fr\/wp-content\/uploads\/2025\/11\/2-600x750.jpg 600w\" sizes=\"auto, (max-width: 1080px) 100vw, 1080px\" \/><\/figure>\n\n\n\n<h2 class=\"wp-block-heading has-text-align-center\">Kiran<\/h2>\n<\/div>\n\n\n\n<div class=\"wp-block-column is-layout-flow wp-block-column-is-layout-flow\">\n<figure class=\"wp-block-image size-full is-style-rounded is-style-rounded--3\"><img loading=\"lazy\" decoding=\"async\" width=\"1080\" height=\"1350\" src=\"https:\/\/estellesebene.fr\/wp-content\/uploads\/2025\/11\/2-1.jpg\" alt=\"\" class=\"wp-image-271\" style=\"aspect-ratio:1;object-fit:cover\" srcset=\"https:\/\/estellesebene.fr\/wp-content\/uploads\/2025\/11\/2-1.jpg 1080w, https:\/\/estellesebene.fr\/wp-content\/uploads\/2025\/11\/2-1-240x300.jpg 240w, https:\/\/estellesebene.fr\/wp-content\/uploads\/2025\/11\/2-1-819x1024.jpg 819w, https:\/\/estellesebene.fr\/wp-content\/uploads\/2025\/11\/2-1-768x960.jpg 768w, https:\/\/estellesebene.fr\/wp-content\/uploads\/2025\/11\/2-1-600x750.jpg 600w\" sizes=\"auto, (max-width: 1080px) 100vw, 1080px\" \/><\/figure>\n\n\n\n<h2 class=\"wp-block-heading has-text-align-center\">Elaheh<\/h2>\n<\/div>\n<\/div>\n<\/div>\n\n\n\n<div class=\"wp-block-group alignfull is-content-justification-space-between is-nowrap is-layout-flex wp-container-core-group-is-layout-cb46ffcb wp-block-group-is-layout-flex\">\n<blockquote class=\"wp-block-quote is-layout-flow wp-block-quote-is-layout-flow\">\n<p>Ce baiser a boulevers\u00e9 ce que je suis, mes croyances, mes certitudes, mes peurs et mes doutes. Il me red\u00e9finit. Je laisse couler l\u2019ancienne Elaheh, comme un serpent abandonne sa mue. En acceptant mes failles, j\u2019accueille ma puissance.<\/p>\n<\/blockquote>\n\n\n\n<blockquote class=\"wp-block-quote is-layout-flow wp-block-quote-is-layout-flow\">\n<p>C\u2019est seulement \u00e0 cet instant que je suis forc\u00e9 de r\u00e9aliser&nbsp;: j\u2019ai envie de cette femme. Envie de la sentir dans mes bras. Envie de plonger mon nez dans son cou, et mes mains dans ses cheveux. Envie de parcourir sa peau de mes doigts, de ma langue. Une envie telle qu\u2019elle me coupe le souffle.<\/p>\n<\/blockquote>\n\n\n\n<blockquote class=\"wp-block-quote is-layout-flow wp-block-quote-is-layout-flow\">\n<p>Il y a le monde dans ses yeux, C\u00e9lania tout enti\u00e8re, le ciel, le soleil et les \u00e9toiles. Et mon \u00e2me au milieu.<\/p>\n<\/blockquote>\n<\/div>\n\n\n\n<figure class=\"wp-block-image size-large\"><img loading=\"lazy\" decoding=\"async\" width=\"743\" height=\"1024\" src=\"https:\/\/estellesebene.fr\/wp-content\/uploads\/2025\/11\/fanart2-743x1024.png\" alt=\"Illustration miroir\" class=\"wp-image-295\" srcset=\"https:\/\/estellesebene.fr\/wp-content\/uploads\/2025\/11\/fanart2-743x1024.png 743w, https:\/\/estellesebene.fr\/wp-content\/uploads\/2025\/11\/fanart2-218x300.png 218w, https:\/\/estellesebene.fr\/wp-content\/uploads\/2025\/11\/fanart2-768x1058.png 768w, https:\/\/estellesebene.fr\/wp-content\/uploads\/2025\/11\/fanart2-1115x1536.png 1115w, https:\/\/estellesebene.fr\/wp-content\/uploads\/2025\/11\/fanart2-1487x2048.png 1487w, https:\/\/estellesebene.fr\/wp-content\/uploads\/2025\/11\/fanart2-600x826.png 600w, https:\/\/estellesebene.fr\/wp-content\/uploads\/2025\/11\/fanart2-scaled.png 1859w\" sizes=\"auto, (max-width: 743px) 100vw, 743px\" \/><\/figure>\n\n\n\n<div class=\"wp-block-columns is-layout-flex wp-container-core-columns-is-layout-28f84493 wp-block-columns-is-layout-flex\">\n<div class=\"wp-block-column is-layout-flow wp-block-column-is-layout-flow\"><\/div>\n\n\n\n<div class=\"wp-block-column is-layout-flow wp-block-column-is-layout-flow\"><\/div>\n<\/div>\n\n\n\n<div class=\"wp-block-columns is-layout-flex wp-container-core-columns-is-layout-28f84493 wp-block-columns-is-layout-flex\">\n<div class=\"wp-block-column is-layout-flow wp-block-column-is-layout-flow\">\n<div class=\"wp-block-columns is-layout-flex wp-container-core-columns-is-layout-28f84493 wp-block-columns-is-layout-flex\">\n<div class=\"wp-block-column is-layout-flow wp-block-column-is-layout-flow\" style=\"flex-basis:100%\"><\/div>\n<\/div>\n<\/div>\n\n\n\n<div class=\"wp-block-column is-vertically-aligned-stretch is-layout-flow wp-block-column-is-layout-flow\"><\/div>\n\n\n\n<div class=\"wp-block-column is-layout-flow wp-block-column-is-layout-flow\">\n<div class=\"wp-block-columns is-layout-flex wp-container-core-columns-is-layout-28f84493 wp-block-columns-is-layout-flex\">\n<div class=\"wp-block-column is-layout-flow wp-block-column-is-layout-flow\" style=\"flex-basis:100%\"><\/div>\n<\/div>\n<\/div>\n<\/div>\n\n\n\n<p><\/p>\n","protected":false},"excerpt":{"rendered":"<p>Une romantasy proximit\u00e9 forc\u00e9e, amour interdit, enemies to lovers. Il est d\u00e9vor\u00e9 par son pouvoir. Elle pense n\u2019en avoir aucun. Elaheh Depuis la mort de mes parents, ma survie d\u2019humaine dans un monde domin\u00e9 par les d\u00e9mons est ma seule priorit\u00e9. Pourtant, j\u2019accepte de rendre service \u00e0 ma voisine en gardant son fils un soir. [&hellip;]<\/p>\n","protected":false},"author":1,"featured_media":0,"parent":0,"menu_order":0,"comment_status":"closed","ping_status":"closed","template":"","meta":{"footnotes":""},"class_list":["post-267","page","type-page","status-publish","hentry"],"yoast_head":"<!-- This site is optimized with the Yoast SEO plugin v27.5 - https:\/\/yoast.com\/product\/yoast-seo-wordpress\/ -->\n<title>Le Miroir de Subjugation - Estelle S\u00e9b\u00e8ne Autrice<\/title>\n<meta name=\"description\" content=\"D\u00e9couvrez l&#039;univers du Miroir de Subjugation, la romantasy amour interdit, proximit\u00e9 forc\u00e9e, found family d&#039;Estelle S\u00e9b\u00e8ne.\" \/>\n<meta name=\"robots\" content=\"index, follow, max-snippet:-1, max-image-preview:large, max-video-preview:-1\" \/>\n<link rel=\"canonical\" href=\"https:\/\/estellesebene.fr\/index.php\/le-miroir-de-subjugation\/\" \/>\n<meta property=\"og:locale\" content=\"fr_FR\" \/>\n<meta property=\"og:type\" content=\"article\" \/>\n<meta property=\"og:title\" content=\"Le Miroir de Subjugation - Estelle S\u00e9b\u00e8ne Autrice\" \/>\n<meta property=\"og:description\" content=\"D\u00e9couvrez l&#039;univers du Miroir de Subjugation, la romantasy amour interdit, proximit\u00e9 forc\u00e9e, found family d&#039;Estelle S\u00e9b\u00e8ne.\" \/>\n<meta property=\"og:url\" content=\"https:\/\/estellesebene.fr\/index.php\/le-miroir-de-subjugation\/\" \/>\n<meta property=\"og:site_name\" content=\"Estelle S\u00e9b\u00e8ne Autrice\" \/>\n<meta property=\"article:modified_time\" content=\"2025-12-02T18:29:18+00:00\" \/>\n<meta property=\"og:image\" content=\"https:\/\/estellesebene.fr\/wp-content\/uploads\/2025\/03\/Le-Miroir-de-Subjugation-eBOOK-640x1024.jpg\" \/>\n\t<meta property=\"og:image:width\" content=\"640\" \/>\n\t<meta property=\"og:image:height\" content=\"1024\" \/>\n\t<meta property=\"og:image:type\" content=\"image\/jpeg\" \/>\n<meta name=\"twitter:card\" content=\"summary_large_image\" \/>\n<meta name=\"twitter:label1\" content=\"Dur\u00e9e de lecture estim\u00e9e\" \/>\n\t<meta name=\"twitter:data1\" content=\"2 minutes\" \/>\n<script type=\"application\/ld+json\" class=\"yoast-schema-graph\">{\"@context\":\"https:\\\/\\\/schema.org\",\"@graph\":[{\"@type\":\"WebPage\",\"@id\":\"https:\\\/\\\/estellesebene.fr\\\/index.php\\\/le-miroir-de-subjugation\\\/\",\"url\":\"https:\\\/\\\/estellesebene.fr\\\/index.php\\\/le-miroir-de-subjugation\\\/\",\"name\":\"Le Miroir de Subjugation - Estelle S\u00e9b\u00e8ne Autrice\",\"isPartOf\":{\"@id\":\"https:\\\/\\\/estellesebene.fr\\\/#website\"},\"primaryImageOfPage\":{\"@id\":\"https:\\\/\\\/estellesebene.fr\\\/index.php\\\/le-miroir-de-subjugation\\\/#primaryimage\"},\"image\":{\"@id\":\"https:\\\/\\\/estellesebene.fr\\\/index.php\\\/le-miroir-de-subjugation\\\/#primaryimage\"},\"thumbnailUrl\":\"https:\\\/\\\/estellesebene.fr\\\/wp-content\\\/uploads\\\/2025\\\/03\\\/Le-Miroir-de-Subjugation-eBOOK-640x1024.jpg\",\"datePublished\":\"2025-11-30T16:00:54+00:00\",\"dateModified\":\"2025-12-02T18:29:18+00:00\",\"description\":\"D\u00e9couvrez l'univers du Miroir de Subjugation, la romantasy amour interdit, proximit\u00e9 forc\u00e9e, found family d'Estelle S\u00e9b\u00e8ne.\",\"breadcrumb\":{\"@id\":\"https:\\\/\\\/estellesebene.fr\\\/index.php\\\/le-miroir-de-subjugation\\\/#breadcrumb\"},\"inLanguage\":\"fr-FR\",\"potentialAction\":[{\"@type\":\"ReadAction\",\"target\":[\"https:\\\/\\\/estellesebene.fr\\\/index.php\\\/le-miroir-de-subjugation\\\/\"]}]},{\"@type\":\"ImageObject\",\"inLanguage\":\"fr-FR\",\"@id\":\"https:\\\/\\\/estellesebene.fr\\\/index.php\\\/le-miroir-de-subjugation\\\/#primaryimage\",\"url\":\"https:\\\/\\\/estellesebene.fr\\\/wp-content\\\/uploads\\\/2025\\\/03\\\/Le-Miroir-de-Subjugation-eBOOK.jpg\",\"contentUrl\":\"https:\\\/\\\/estellesebene.fr\\\/wp-content\\\/uploads\\\/2025\\\/03\\\/Le-Miroir-de-Subjugation-eBOOK.jpg\",\"width\":1600,\"height\":2560,\"caption\":\"Couverture du livre\"},{\"@type\":\"BreadcrumbList\",\"@id\":\"https:\\\/\\\/estellesebene.fr\\\/index.php\\\/le-miroir-de-subjugation\\\/#breadcrumb\",\"itemListElement\":[{\"@type\":\"ListItem\",\"position\":1,\"name\":\"Accueil\",\"item\":\"https:\\\/\\\/estellesebene.fr\\\/\"},{\"@type\":\"ListItem\",\"position\":2,\"name\":\"Le Miroir de Subjugation\"}]},{\"@type\":\"WebSite\",\"@id\":\"https:\\\/\\\/estellesebene.fr\\\/#website\",\"url\":\"https:\\\/\\\/estellesebene.fr\\\/\",\"name\":\"estellesebene\",\"description\":\"Du r\u00eave et des mots\",\"publisher\":{\"@id\":\"https:\\\/\\\/estellesebene.fr\\\/#organization\"},\"potentialAction\":[{\"@type\":\"SearchAction\",\"target\":{\"@type\":\"EntryPoint\",\"urlTemplate\":\"https:\\\/\\\/estellesebene.fr\\\/?s={search_term_string}\"},\"query-input\":{\"@type\":\"PropertyValueSpecification\",\"valueRequired\":true,\"valueName\":\"search_term_string\"}}],\"inLanguage\":\"fr-FR\"},{\"@type\":\"Organization\",\"@id\":\"https:\\\/\\\/estellesebene.fr\\\/#organization\",\"name\":\"Estelle S\u00e9b\u00e8ne\",\"url\":\"https:\\\/\\\/estellesebene.fr\\\/\",\"logo\":{\"@type\":\"ImageObject\",\"inLanguage\":\"fr-FR\",\"@id\":\"https:\\\/\\\/estellesebene.fr\\\/#\\\/schema\\\/logo\\\/image\\\/\",\"url\":\"https:\\\/\\\/capsmdj.cluster030.hosting.ovh.net\\\/wp-content\\\/uploads\\\/2024\\\/01\\\/logo.png\",\"contentUrl\":\"https:\\\/\\\/capsmdj.cluster030.hosting.ovh.net\\\/wp-content\\\/uploads\\\/2024\\\/01\\\/logo.png\",\"width\":500,\"height\":500,\"caption\":\"Estelle S\u00e9b\u00e8ne\"},\"image\":{\"@id\":\"https:\\\/\\\/estellesebene.fr\\\/#\\\/schema\\\/logo\\\/image\\\/\"}}]}<\/script>\n<!-- \/ Yoast SEO plugin. -->","yoast_head_json":{"title":"Le Miroir de Subjugation - Estelle S\u00e9b\u00e8ne Autrice","description":"D\u00e9couvrez l'univers du Miroir de Subjugation, la romantasy amour interdit, proximit\u00e9 forc\u00e9e, found family d'Estelle S\u00e9b\u00e8ne.","robots":{"index":"index","follow":"follow","max-snippet":"max-snippet:-1","max-image-preview":"max-image-preview:large","max-video-preview":"max-video-preview:-1"},"canonical":"https:\/\/estellesebene.fr\/index.php\/le-miroir-de-subjugation\/","og_locale":"fr_FR","og_type":"article","og_title":"Le Miroir de Subjugation - Estelle S\u00e9b\u00e8ne Autrice","og_description":"D\u00e9couvrez l'univers du Miroir de Subjugation, la romantasy amour interdit, proximit\u00e9 forc\u00e9e, found family d'Estelle S\u00e9b\u00e8ne.","og_url":"https:\/\/estellesebene.fr\/index.php\/le-miroir-de-subjugation\/","og_site_name":"Estelle S\u00e9b\u00e8ne Autrice","article_modified_time":"2025-12-02T18:29:18+00:00","og_image":[{"width":640,"height":1024,"url":"https:\/\/estellesebene.fr\/wp-content\/uploads\/2025\/03\/Le-Miroir-de-Subjugation-eBOOK-640x1024.jpg","type":"image\/jpeg"}],"twitter_card":"summary_large_image","twitter_misc":{"Dur\u00e9e de lecture estim\u00e9e":"2 minutes"},"schema":{"@context":"https:\/\/schema.org","@graph":[{"@type":"WebPage","@id":"https:\/\/estellesebene.fr\/index.php\/le-miroir-de-subjugation\/","url":"https:\/\/estellesebene.fr\/index.php\/le-miroir-de-subjugation\/","name":"Le Miroir de Subjugation - Estelle S\u00e9b\u00e8ne Autrice","isPartOf":{"@id":"https:\/\/estellesebene.fr\/#website"},"primaryImageOfPage":{"@id":"https:\/\/estellesebene.fr\/index.php\/le-miroir-de-subjugation\/#primaryimage"},"image":{"@id":"https:\/\/estellesebene.fr\/index.php\/le-miroir-de-subjugation\/#primaryimage"},"thumbnailUrl":"https:\/\/estellesebene.fr\/wp-content\/uploads\/2025\/03\/Le-Miroir-de-Subjugation-eBOOK-640x1024.jpg","datePublished":"2025-11-30T16:00:54+00:00","dateModified":"2025-12-02T18:29:18+00:00","description":"D\u00e9couvrez l'univers du Miroir de Subjugation, la romantasy amour interdit, proximit\u00e9 forc\u00e9e, found family d'Estelle S\u00e9b\u00e8ne.","breadcrumb":{"@id":"https:\/\/estellesebene.fr\/index.php\/le-miroir-de-subjugation\/#breadcrumb"},"inLanguage":"fr-FR","potentialAction":[{"@type":"ReadAction","target":["https:\/\/estellesebene.fr\/index.php\/le-miroir-de-subjugation\/"]}]},{"@type":"ImageObject","inLanguage":"fr-FR","@id":"https:\/\/estellesebene.fr\/index.php\/le-miroir-de-subjugation\/#primaryimage","url":"https:\/\/estellesebene.fr\/wp-content\/uploads\/2025\/03\/Le-Miroir-de-Subjugation-eBOOK.jpg","contentUrl":"https:\/\/estellesebene.fr\/wp-content\/uploads\/2025\/03\/Le-Miroir-de-Subjugation-eBOOK.jpg","width":1600,"height":2560,"caption":"Couverture du livre"},{"@type":"BreadcrumbList","@id":"https:\/\/estellesebene.fr\/index.php\/le-miroir-de-subjugation\/#breadcrumb","itemListElement":[{"@type":"ListItem","position":1,"name":"Accueil","item":"https:\/\/estellesebene.fr\/"},{"@type":"ListItem","position":2,"name":"Le Miroir de Subjugation"}]},{"@type":"WebSite","@id":"https:\/\/estellesebene.fr\/#website","url":"https:\/\/estellesebene.fr\/","name":"estellesebene","description":"Du r\u00eave et des mots","publisher":{"@id":"https:\/\/estellesebene.fr\/#organization"},"potentialAction":[{"@type":"SearchAction","target":{"@type":"EntryPoint","urlTemplate":"https:\/\/estellesebene.fr\/?s={search_term_string}"},"query-input":{"@type":"PropertyValueSpecification","valueRequired":true,"valueName":"search_term_string"}}],"inLanguage":"fr-FR"},{"@type":"Organization","@id":"https:\/\/estellesebene.fr\/#organization","name":"Estelle S\u00e9b\u00e8ne","url":"https:\/\/estellesebene.fr\/","logo":{"@type":"ImageObject","inLanguage":"fr-FR","@id":"https:\/\/estellesebene.fr\/#\/schema\/logo\/image\/","url":"https:\/\/capsmdj.cluster030.hosting.ovh.net\/wp-content\/uploads\/2024\/01\/logo.png","contentUrl":"https:\/\/capsmdj.cluster030.hosting.ovh.net\/wp-content\/uploads\/2024\/01\/logo.png","width":500,"height":500,"caption":"Estelle S\u00e9b\u00e8ne"},"image":{"@id":"https:\/\/estellesebene.fr\/#\/schema\/logo\/image\/"}}]}},"_links":{"self":[{"href":"https:\/\/estellesebene.fr\/index.php\/wp-json\/wp\/v2\/pages\/267","targetHints":{"allow":["GET"]}}],"collection":[{"href":"https:\/\/estellesebene.fr\/index.php\/wp-json\/wp\/v2\/pages"}],"about":[{"href":"https:\/\/estellesebene.fr\/index.php\/wp-json\/wp\/v2\/types\/page"}],"author":[{"embeddable":true,"href":"https:\/\/estellesebene.fr\/index.php\/wp-json\/wp\/v2\/users\/1"}],"replies":[{"embeddable":true,"href":"https:\/\/estellesebene.fr\/index.php\/wp-json\/wp\/v2\/comments?post=267"}],"version-history":[{"count":7,"href":"https:\/\/estellesebene.fr\/index.php\/wp-json\/wp\/v2\/pages\/267\/revisions"}],"predecessor-version":[{"id":318,"href":"https:\/\/estellesebene.fr\/index.php\/wp-json\/wp\/v2\/pages\/267\/revisions\/318"}],"wp:attachment":[{"href":"https:\/\/estellesebene.fr\/index.php\/wp-json\/wp\/v2\/media?parent=267"}],"curies":[{"name":"wp","href":"https:\/\/api.w.org\/{rel}","templated":true}]}}