{"id":304,"date":"2025-12-02T19:12:16","date_gmt":"2025-12-02T18:12:16","guid":{"rendered":"https:\/\/estellesebene.fr\/?page_id=304"},"modified":"2026-04-21T20:32:11","modified_gmt":"2026-04-21T18:32:11","slug":"briseuses-de-legendes","status":"publish","type":"page","link":"https:\/\/estellesebene.fr\/index.php\/briseuses-de-legendes\/","title":{"rendered":"Briseuses de L\u00e9gendes"},"content":{"rendered":"\n<div class=\"wp-block-columns alignwide is-layout-flex wp-container-core-columns-is-layout-28f84493 wp-block-columns-is-layout-flex\">\n<div class=\"wp-block-column is-layout-flow wp-block-column-is-layout-flow\">\n<figure class=\"wp-block-image aligncenter size-full is-resized is-style-rounded is-style-rounded--1\"><img loading=\"lazy\" decoding=\"async\" width=\"1080\" height=\"1350\" src=\"https:\/\/estellesebene.fr\/wp-content\/uploads\/2026\/04\/BdL-tropes.jpg\" alt=\"\" class=\"wp-image-344\" style=\"aspect-ratio:0.8000023686579184;width:804px;height:auto\" srcset=\"https:\/\/estellesebene.fr\/wp-content\/uploads\/2026\/04\/BdL-tropes.jpg 1080w, https:\/\/estellesebene.fr\/wp-content\/uploads\/2026\/04\/BdL-tropes-240x300.jpg 240w, https:\/\/estellesebene.fr\/wp-content\/uploads\/2026\/04\/BdL-tropes-819x1024.jpg 819w, https:\/\/estellesebene.fr\/wp-content\/uploads\/2026\/04\/BdL-tropes-768x960.jpg 768w, https:\/\/estellesebene.fr\/wp-content\/uploads\/2026\/04\/BdL-tropes-600x750.jpg 600w\" sizes=\"auto, (max-width: 1080px) 100vw, 1080px\" \/><\/figure>\n<\/div>\n<\/div>\n\n\n\n<h2 class=\"wp-block-heading has-text-align-center\">L&rsquo;univers en musique<\/h2>\n\n\n\n<p class=\"has-text-align-center\"><iframe loading=\"lazy\" title=\"deezer-widget\" src=\"https:\/\/widget.deezer.com\/widget\/dark\/playlist\/13651976561\" width=\"100%\" height=\"300\" frameborder=\"0\" allowtransparency=\"true\" allow=\"encrypted-media; clipboard-write\"><\/iframe><\/p>\n\n\n\n<h2 class=\"wp-block-heading has-text-align-center\">La carte du monde<\/h2>\n\n\n\n<figure class=\"wp-block-image size-large\"><img loading=\"lazy\" decoding=\"async\" width=\"1024\" height=\"768\" src=\"https:\/\/estellesebene.fr\/wp-content\/uploads\/2025\/12\/Carte_lubelle-1024x768.jpg\" alt=\"\" class=\"wp-image-308\" srcset=\"https:\/\/estellesebene.fr\/wp-content\/uploads\/2025\/12\/Carte_lubelle-1024x768.jpg 1024w, https:\/\/estellesebene.fr\/wp-content\/uploads\/2025\/12\/Carte_lubelle-300x225.jpg 300w, https:\/\/estellesebene.fr\/wp-content\/uploads\/2025\/12\/Carte_lubelle-768x576.jpg 768w, https:\/\/estellesebene.fr\/wp-content\/uploads\/2025\/12\/Carte_lubelle-1536x1152.jpg 1536w, https:\/\/estellesebene.fr\/wp-content\/uploads\/2025\/12\/Carte_lubelle-600x450.jpg 600w, https:\/\/estellesebene.fr\/wp-content\/uploads\/2025\/12\/Carte_lubelle.jpg 2048w\" sizes=\"auto, (max-width: 1024px) 100vw, 1024px\" \/><\/figure>\n\n\n\n<h2 class=\"wp-block-heading has-text-align-center\">Les personnages<\/h2>\n\n\n\n<figure class=\"wp-block-gallery has-nested-images columns-default is-cropped wp-block-gallery-2 is-layout-flex wp-block-gallery-is-layout-flex\">\n<figure class=\"wp-block-image size-large\"><img loading=\"lazy\" decoding=\"async\" width=\"1024\" height=\"1024\" data-id=\"305\" src=\"https:\/\/estellesebene.fr\/wp-content\/uploads\/2025\/12\/Moodboard-Kady-1024x1024.jpg\" alt=\"\" class=\"wp-image-305\" srcset=\"https:\/\/estellesebene.fr\/wp-content\/uploads\/2025\/12\/Moodboard-Kady-1024x1024.jpg 1024w, https:\/\/estellesebene.fr\/wp-content\/uploads\/2025\/12\/Moodboard-Kady-300x300.jpg 300w, https:\/\/estellesebene.fr\/wp-content\/uploads\/2025\/12\/Moodboard-Kady-150x150.jpg 150w, https:\/\/estellesebene.fr\/wp-content\/uploads\/2025\/12\/Moodboard-Kady-768x768.jpg 768w, https:\/\/estellesebene.fr\/wp-content\/uploads\/2025\/12\/Moodboard-Kady-600x600.jpg 600w, https:\/\/estellesebene.fr\/wp-content\/uploads\/2025\/12\/Moodboard-Kady-100x100.jpg 100w, https:\/\/estellesebene.fr\/wp-content\/uploads\/2025\/12\/Moodboard-Kady.jpg 1080w\" sizes=\"auto, (max-width: 1024px) 100vw, 1024px\" \/><figcaption class=\"wp-element-caption\"><strong>Kady<\/strong><\/figcaption><\/figure>\n\n\n\n<figure class=\"wp-block-image size-large\"><img loading=\"lazy\" decoding=\"async\" width=\"1024\" height=\"1024\" data-id=\"306\" src=\"https:\/\/estellesebene.fr\/wp-content\/uploads\/2025\/12\/Moodboard-Saora-1024x1024.jpg\" alt=\"\" class=\"wp-image-306\" srcset=\"https:\/\/estellesebene.fr\/wp-content\/uploads\/2025\/12\/Moodboard-Saora-1024x1024.jpg 1024w, https:\/\/estellesebene.fr\/wp-content\/uploads\/2025\/12\/Moodboard-Saora-300x300.jpg 300w, https:\/\/estellesebene.fr\/wp-content\/uploads\/2025\/12\/Moodboard-Saora-150x150.jpg 150w, https:\/\/estellesebene.fr\/wp-content\/uploads\/2025\/12\/Moodboard-Saora-768x768.jpg 768w, https:\/\/estellesebene.fr\/wp-content\/uploads\/2025\/12\/Moodboard-Saora-600x600.jpg 600w, https:\/\/estellesebene.fr\/wp-content\/uploads\/2025\/12\/Moodboard-Saora-100x100.jpg 100w, https:\/\/estellesebene.fr\/wp-content\/uploads\/2025\/12\/Moodboard-Saora.jpg 1080w\" sizes=\"auto, (max-width: 1024px) 100vw, 1024px\" \/><figcaption class=\"wp-element-caption\"><strong>Saora<\/strong><\/figcaption><\/figure>\n<\/figure>\n\n\n\n<p><\/p>\n","protected":false},"excerpt":{"rendered":"<p>L&rsquo;univers en musique La carte du monde Les personnages<\/p>\n","protected":false},"author":1,"featured_media":0,"parent":0,"menu_order":0,"comment_status":"closed","ping_status":"closed","template":"","meta":{"footnotes":""},"class_list":["post-304","page","type-page","status-publish","hentry"],"yoast_head":"<!-- This site is optimized with the Yoast SEO plugin v27.5 - https:\/\/yoast.com\/product\/yoast-seo-wordpress\/ -->\n<title>Briseuses de L\u00e9gendes - Estelle S\u00e9b\u00e8ne Autrice<\/title>\n<meta name=\"robots\" content=\"index, follow, max-snippet:-1, max-image-preview:large, max-video-preview:-1\" \/>\n<link rel=\"canonical\" href=\"https:\/\/estellesebene.fr\/index.php\/briseuses-de-legendes\/\" \/>\n<meta property=\"og:locale\" content=\"fr_FR\" \/>\n<meta property=\"og:type\" content=\"article\" \/>\n<meta property=\"og:title\" content=\"Briseuses de L\u00e9gendes - Estelle S\u00e9b\u00e8ne Autrice\" \/>\n<meta property=\"og:description\" content=\"L&rsquo;univers en musique La carte du monde Les personnages\" \/>\n<meta property=\"og:url\" content=\"https:\/\/estellesebene.fr\/index.php\/briseuses-de-legendes\/\" \/>\n<meta property=\"og:site_name\" content=\"Estelle S\u00e9b\u00e8ne Autrice\" \/>\n<meta property=\"article:modified_time\" content=\"2026-04-21T18:32:11+00:00\" \/>\n<meta property=\"og:image\" content=\"https:\/\/estellesebene.fr\/wp-content\/uploads\/2026\/04\/BdL-tropes.jpg\" \/>\n\t<meta property=\"og:image:width\" content=\"1080\" \/>\n\t<meta property=\"og:image:height\" content=\"1350\" \/>\n\t<meta property=\"og:image:type\" content=\"image\/jpeg\" \/>\n<meta name=\"twitter:card\" content=\"summary_large_image\" \/>\n<meta name=\"twitter:label1\" content=\"Dur\u00e9e de lecture estim\u00e9e\" \/>\n\t<meta name=\"twitter:data1\" content=\"1 minute\" \/>\n<script type=\"application\/ld+json\" class=\"yoast-schema-graph\">{\"@context\":\"https:\\\/\\\/schema.org\",\"@graph\":[{\"@type\":\"WebPage\",\"@id\":\"https:\\\/\\\/estellesebene.fr\\\/index.php\\\/briseuses-de-legendes\\\/\",\"url\":\"https:\\\/\\\/estellesebene.fr\\\/index.php\\\/briseuses-de-legendes\\\/\",\"name\":\"Briseuses de L\u00e9gendes - Estelle S\u00e9b\u00e8ne Autrice\",\"isPartOf\":{\"@id\":\"https:\\\/\\\/estellesebene.fr\\\/#website\"},\"primaryImageOfPage\":{\"@id\":\"https:\\\/\\\/estellesebene.fr\\\/index.php\\\/briseuses-de-legendes\\\/#primaryimage\"},\"image\":{\"@id\":\"https:\\\/\\\/estellesebene.fr\\\/index.php\\\/briseuses-de-legendes\\\/#primaryimage\"},\"thumbnailUrl\":\"https:\\\/\\\/estellesebene.fr\\\/wp-content\\\/uploads\\\/2026\\\/04\\\/BdL-tropes.jpg\",\"datePublished\":\"2025-12-02T18:12:16+00:00\",\"dateModified\":\"2026-04-21T18:32:11+00:00\",\"breadcrumb\":{\"@id\":\"https:\\\/\\\/estellesebene.fr\\\/index.php\\\/briseuses-de-legendes\\\/#breadcrumb\"},\"inLanguage\":\"fr-FR\",\"potentialAction\":[{\"@type\":\"ReadAction\",\"target\":[\"https:\\\/\\\/estellesebene.fr\\\/index.php\\\/briseuses-de-legendes\\\/\"]}]},{\"@type\":\"ImageObject\",\"inLanguage\":\"fr-FR\",\"@id\":\"https:\\\/\\\/estellesebene.fr\\\/index.php\\\/briseuses-de-legendes\\\/#primaryimage\",\"url\":\"https:\\\/\\\/estellesebene.fr\\\/wp-content\\\/uploads\\\/2026\\\/04\\\/BdL-tropes.jpg\",\"contentUrl\":\"https:\\\/\\\/estellesebene.fr\\\/wp-content\\\/uploads\\\/2026\\\/04\\\/BdL-tropes.jpg\",\"width\":1080,\"height\":1350},{\"@type\":\"BreadcrumbList\",\"@id\":\"https:\\\/\\\/estellesebene.fr\\\/index.php\\\/briseuses-de-legendes\\\/#breadcrumb\",\"itemListElement\":[{\"@type\":\"ListItem\",\"position\":1,\"name\":\"Accueil\",\"item\":\"https:\\\/\\\/estellesebene.fr\\\/\"},{\"@type\":\"ListItem\",\"position\":2,\"name\":\"Briseuses de L\u00e9gendes\"}]},{\"@type\":\"WebSite\",\"@id\":\"https:\\\/\\\/estellesebene.fr\\\/#website\",\"url\":\"https:\\\/\\\/estellesebene.fr\\\/\",\"name\":\"estellesebene\",\"description\":\"Du r\u00eave et des mots\",\"publisher\":{\"@id\":\"https:\\\/\\\/estellesebene.fr\\\/#organization\"},\"potentialAction\":[{\"@type\":\"SearchAction\",\"target\":{\"@type\":\"EntryPoint\",\"urlTemplate\":\"https:\\\/\\\/estellesebene.fr\\\/?s={search_term_string}\"},\"query-input\":{\"@type\":\"PropertyValueSpecification\",\"valueRequired\":true,\"valueName\":\"search_term_string\"}}],\"inLanguage\":\"fr-FR\"},{\"@type\":\"Organization\",\"@id\":\"https:\\\/\\\/estellesebene.fr\\\/#organization\",\"name\":\"Estelle S\u00e9b\u00e8ne\",\"url\":\"https:\\\/\\\/estellesebene.fr\\\/\",\"logo\":{\"@type\":\"ImageObject\",\"inLanguage\":\"fr-FR\",\"@id\":\"https:\\\/\\\/estellesebene.fr\\\/#\\\/schema\\\/logo\\\/image\\\/\",\"url\":\"https:\\\/\\\/capsmdj.cluster030.hosting.ovh.net\\\/wp-content\\\/uploads\\\/2024\\\/01\\\/logo.png\",\"contentUrl\":\"https:\\\/\\\/capsmdj.cluster030.hosting.ovh.net\\\/wp-content\\\/uploads\\\/2024\\\/01\\\/logo.png\",\"width\":500,\"height\":500,\"caption\":\"Estelle S\u00e9b\u00e8ne\"},\"image\":{\"@id\":\"https:\\\/\\\/estellesebene.fr\\\/#\\\/schema\\\/logo\\\/image\\\/\"}}]}<\/script>\n<!-- \/ Yoast SEO plugin. -->","yoast_head_json":{"title":"Briseuses de L\u00e9gendes - Estelle S\u00e9b\u00e8ne Autrice","robots":{"index":"index","follow":"follow","max-snippet":"max-snippet:-1","max-image-preview":"max-image-preview:large","max-video-preview":"max-video-preview:-1"},"canonical":"https:\/\/estellesebene.fr\/index.php\/briseuses-de-legendes\/","og_locale":"fr_FR","og_type":"article","og_title":"Briseuses de L\u00e9gendes - Estelle S\u00e9b\u00e8ne Autrice","og_description":"L&rsquo;univers en musique La carte du monde Les personnages","og_url":"https:\/\/estellesebene.fr\/index.php\/briseuses-de-legendes\/","og_site_name":"Estelle S\u00e9b\u00e8ne Autrice","article_modified_time":"2026-04-21T18:32:11+00:00","og_image":[{"width":1080,"height":1350,"url":"https:\/\/estellesebene.fr\/wp-content\/uploads\/2026\/04\/BdL-tropes.jpg","type":"image\/jpeg"}],"twitter_card":"summary_large_image","twitter_misc":{"Dur\u00e9e de lecture estim\u00e9e":"1 minute"},"schema":{"@context":"https:\/\/schema.org","@graph":[{"@type":"WebPage","@id":"https:\/\/estellesebene.fr\/index.php\/briseuses-de-legendes\/","url":"https:\/\/estellesebene.fr\/index.php\/briseuses-de-legendes\/","name":"Briseuses de L\u00e9gendes - Estelle S\u00e9b\u00e8ne Autrice","isPartOf":{"@id":"https:\/\/estellesebene.fr\/#website"},"primaryImageOfPage":{"@id":"https:\/\/estellesebene.fr\/index.php\/briseuses-de-legendes\/#primaryimage"},"image":{"@id":"https:\/\/estellesebene.fr\/index.php\/briseuses-de-legendes\/#primaryimage"},"thumbnailUrl":"https:\/\/estellesebene.fr\/wp-content\/uploads\/2026\/04\/BdL-tropes.jpg","datePublished":"2025-12-02T18:12:16+00:00","dateModified":"2026-04-21T18:32:11+00:00","breadcrumb":{"@id":"https:\/\/estellesebene.fr\/index.php\/briseuses-de-legendes\/#breadcrumb"},"inLanguage":"fr-FR","potentialAction":[{"@type":"ReadAction","target":["https:\/\/estellesebene.fr\/index.php\/briseuses-de-legendes\/"]}]},{"@type":"ImageObject","inLanguage":"fr-FR","@id":"https:\/\/estellesebene.fr\/index.php\/briseuses-de-legendes\/#primaryimage","url":"https:\/\/estellesebene.fr\/wp-content\/uploads\/2026\/04\/BdL-tropes.jpg","contentUrl":"https:\/\/estellesebene.fr\/wp-content\/uploads\/2026\/04\/BdL-tropes.jpg","width":1080,"height":1350},{"@type":"BreadcrumbList","@id":"https:\/\/estellesebene.fr\/index.php\/briseuses-de-legendes\/#breadcrumb","itemListElement":[{"@type":"ListItem","position":1,"name":"Accueil","item":"https:\/\/estellesebene.fr\/"},{"@type":"ListItem","position":2,"name":"Briseuses de L\u00e9gendes"}]},{"@type":"WebSite","@id":"https:\/\/estellesebene.fr\/#website","url":"https:\/\/estellesebene.fr\/","name":"estellesebene","description":"Du r\u00eave et des mots","publisher":{"@id":"https:\/\/estellesebene.fr\/#organization"},"potentialAction":[{"@type":"SearchAction","target":{"@type":"EntryPoint","urlTemplate":"https:\/\/estellesebene.fr\/?s={search_term_string}"},"query-input":{"@type":"PropertyValueSpecification","valueRequired":true,"valueName":"search_term_string"}}],"inLanguage":"fr-FR"},{"@type":"Organization","@id":"https:\/\/estellesebene.fr\/#organization","name":"Estelle S\u00e9b\u00e8ne","url":"https:\/\/estellesebene.fr\/","logo":{"@type":"ImageObject","inLanguage":"fr-FR","@id":"https:\/\/estellesebene.fr\/#\/schema\/logo\/image\/","url":"https:\/\/capsmdj.cluster030.hosting.ovh.net\/wp-content\/uploads\/2024\/01\/logo.png","contentUrl":"https:\/\/capsmdj.cluster030.hosting.ovh.net\/wp-content\/uploads\/2024\/01\/logo.png","width":500,"height":500,"caption":"Estelle S\u00e9b\u00e8ne"},"image":{"@id":"https:\/\/estellesebene.fr\/#\/schema\/logo\/image\/"}}]}},"_links":{"self":[{"href":"https:\/\/estellesebene.fr\/index.php\/wp-json\/wp\/v2\/pages\/304","targetHints":{"allow":["GET"]}}],"collection":[{"href":"https:\/\/estellesebene.fr\/index.php\/wp-json\/wp\/v2\/pages"}],"about":[{"href":"https:\/\/estellesebene.fr\/index.php\/wp-json\/wp\/v2\/types\/page"}],"author":[{"embeddable":true,"href":"https:\/\/estellesebene.fr\/index.php\/wp-json\/wp\/v2\/users\/1"}],"replies":[{"embeddable":true,"href":"https:\/\/estellesebene.fr\/index.php\/wp-json\/wp\/v2\/comments?post=304"}],"version-history":[{"count":5,"href":"https:\/\/estellesebene.fr\/index.php\/wp-json\/wp\/v2\/pages\/304\/revisions"}],"predecessor-version":[{"id":345,"href":"https:\/\/estellesebene.fr\/index.php\/wp-json\/wp\/v2\/pages\/304\/revisions\/345"}],"wp:attachment":[{"href":"https:\/\/estellesebene.fr\/index.php\/wp-json\/wp\/v2\/media?parent=304"}],"curies":[{"name":"wp","href":"https:\/\/api.w.org\/{rel}","templated":true}]}}