{"id":223,"date":"2025-05-14T21:47:24","date_gmt":"2025-05-14T19:47:24","guid":{"rendered":"https:\/\/estellesebene.fr\/?post_type=product&#038;p=223"},"modified":"2025-11-30T17:53:00","modified_gmt":"2025-11-30T16:53:00","slug":"le-miroir-de-subjugation-broche","status":"publish","type":"product","link":"https:\/\/estellesebene.fr\/index.php\/produit\/le-miroir-de-subjugation-broche\/","title":{"rendered":"Le Miroir de Subjugation broch\u00e9"},"content":{"rendered":"<p>&nbsp;<\/p>\n<p style=\"text-align: center;\" align=\"justify\"><span style=\"font-size: medium;\"><b>Une soci\u00e9t\u00e9 domin\u00e9e par les d\u00e9mons. Une humaine en qu\u00eate de libert\u00e9. Un incube d\u00e9vor\u00e9 par son pouvoir. Un lien qui d\u00e9fie leurs natures.<\/b><\/span><\/p>\n<p style=\"text-align: center;\" align=\"justify\">Une romantasy adulte<\/p>\n<p align=\"justify\">Suivez l&rsquo;histoire de Kiran et Elaheh dans cet exemplaire broch\u00e9 d\u00e9dicac\u00e9 du <a href=\"https:\/\/estellesebene.fr\/index.php\/le-miroir-de-subjugation\/\">Miroir de Subjugation<\/a>, accompagn\u00e9 de son marque-page.<\/p>\n<p align=\"justify\">Frais de port inclus.<\/p>\n<p align=\"justify\"><em>N&rsquo;oubliez pas de pr\u00e9ciser le pr\u00e9nom pour la d\u00e9dicace au moment de la commande.<\/em><\/p>\n","protected":false},"excerpt":{"rendered":"<p>La version broch\u00e9 et d\u00e9dicac\u00e9 du Miroir de Subjugation.<\/p>\n","protected":false},"featured_media":224,"comment_status":"open","ping_status":"closed","template":"","meta":[],"product_brand":[],"product_cat":[17],"product_tag":[],"class_list":{"0":"post-223","1":"product","2":"type-product","3":"status-publish","4":"has-post-thumbnail","6":"product_cat-non-classe","7":"product_shipping_class-gratuit","9":"first","10":"instock","11":"shipping-taxable","12":"purchasable","13":"product-type-simple"},"yoast_head":"<!-- This site is optimized with the Yoast SEO plugin v27.5 - https:\/\/yoast.com\/product\/yoast-seo-wordpress\/ -->\n<title>Le Miroir de Subjugation broch\u00e9 - Estelle S\u00e9b\u00e8ne Autrice<\/title>\n<meta name=\"description\" content=\"Il est d\u00e9vor\u00e9 par son pouvoir. Elle pense n&#039;en avoir aucun. Une romantasy adulte one shot : les mille et une nuits \u00e0 la sauce d\u00e9moniaque.\" \/>\n<meta name=\"robots\" content=\"index, follow, max-snippet:-1, max-image-preview:large, max-video-preview:-1\" \/>\n<link rel=\"canonical\" href=\"https:\/\/estellesebene.fr\/index.php\/produit\/le-miroir-de-subjugation-broche\/\" \/>\n<meta property=\"og:locale\" content=\"fr_FR\" \/>\n<meta property=\"og:type\" content=\"article\" \/>\n<meta property=\"og:title\" content=\"Le Miroir de Subjugation broch\u00e9 - Estelle S\u00e9b\u00e8ne Autrice\" \/>\n<meta property=\"og:description\" content=\"Il est d\u00e9vor\u00e9 par son pouvoir. Elle pense n&#039;en avoir aucun. Une romantasy adulte one shot : les mille et une nuits \u00e0 la sauce d\u00e9moniaque.\" \/>\n<meta property=\"og:url\" content=\"https:\/\/estellesebene.fr\/index.php\/produit\/le-miroir-de-subjugation-broche\/\" \/>\n<meta property=\"og:site_name\" content=\"Estelle S\u00e9b\u00e8ne Autrice\" \/>\n<meta property=\"article:modified_time\" content=\"2025-11-30T16:53:00+00:00\" \/>\n<meta property=\"og:image\" content=\"https:\/\/estellesebene.fr\/wp-content\/uploads\/2025\/05\/mockup.png\" \/>\n\t<meta property=\"og:image:width\" content=\"1080\" \/>\n\t<meta property=\"og:image:height\" content=\"1080\" \/>\n\t<meta property=\"og:image:type\" content=\"image\/png\" \/>\n<meta name=\"twitter:card\" content=\"summary_large_image\" \/>\n<meta name=\"twitter:label1\" content=\"Dur\u00e9e de lecture estim\u00e9e\" \/>\n\t<meta name=\"twitter:data1\" content=\"1 minute\" \/>\n<script type=\"application\/ld+json\" class=\"yoast-schema-graph\">{\"@context\":\"https:\\\/\\\/schema.org\",\"@graph\":[{\"@type\":\"WebPage\",\"@id\":\"https:\\\/\\\/estellesebene.fr\\\/index.php\\\/produit\\\/le-miroir-de-subjugation-broche\\\/\",\"url\":\"https:\\\/\\\/estellesebene.fr\\\/index.php\\\/produit\\\/le-miroir-de-subjugation-broche\\\/\",\"name\":\"Le Miroir de Subjugation broch\u00e9 - Estelle S\u00e9b\u00e8ne Autrice\",\"isPartOf\":{\"@id\":\"https:\\\/\\\/estellesebene.fr\\\/#website\"},\"primaryImageOfPage\":{\"@id\":\"https:\\\/\\\/estellesebene.fr\\\/index.php\\\/produit\\\/le-miroir-de-subjugation-broche\\\/#primaryimage\"},\"image\":{\"@id\":\"https:\\\/\\\/estellesebene.fr\\\/index.php\\\/produit\\\/le-miroir-de-subjugation-broche\\\/#primaryimage\"},\"thumbnailUrl\":\"https:\\\/\\\/estellesebene.fr\\\/wp-content\\\/uploads\\\/2025\\\/05\\\/mockup.png\",\"datePublished\":\"2025-05-14T19:47:24+00:00\",\"dateModified\":\"2025-11-30T16:53:00+00:00\",\"description\":\"Il est d\u00e9vor\u00e9 par son pouvoir. Elle pense n'en avoir aucun. Une romantasy adulte one shot : les mille et une nuits \u00e0 la sauce d\u00e9moniaque.\",\"breadcrumb\":{\"@id\":\"https:\\\/\\\/estellesebene.fr\\\/index.php\\\/produit\\\/le-miroir-de-subjugation-broche\\\/#breadcrumb\"},\"inLanguage\":\"fr-FR\",\"potentialAction\":[{\"@type\":\"ReadAction\",\"target\":[\"https:\\\/\\\/estellesebene.fr\\\/index.php\\\/produit\\\/le-miroir-de-subjugation-broche\\\/\"]}]},{\"@type\":\"ImageObject\",\"inLanguage\":\"fr-FR\",\"@id\":\"https:\\\/\\\/estellesebene.fr\\\/index.php\\\/produit\\\/le-miroir-de-subjugation-broche\\\/#primaryimage\",\"url\":\"https:\\\/\\\/estellesebene.fr\\\/wp-content\\\/uploads\\\/2025\\\/05\\\/mockup.png\",\"contentUrl\":\"https:\\\/\\\/estellesebene.fr\\\/wp-content\\\/uploads\\\/2025\\\/05\\\/mockup.png\",\"width\":1080,\"height\":1080,\"caption\":\"Le Miroir de Subjugation\"},{\"@type\":\"BreadcrumbList\",\"@id\":\"https:\\\/\\\/estellesebene.fr\\\/index.php\\\/produit\\\/le-miroir-de-subjugation-broche\\\/#breadcrumb\",\"itemListElement\":[{\"@type\":\"ListItem\",\"position\":1,\"name\":\"Accueil\",\"item\":\"https:\\\/\\\/estellesebene.fr\\\/\"},{\"@type\":\"ListItem\",\"position\":2,\"name\":\"Boutique\",\"item\":\"https:\\\/\\\/estellesebene.fr\\\/index.php\\\/boutique\\\/\"},{\"@type\":\"ListItem\",\"position\":3,\"name\":\"Le Miroir de Subjugation broch\u00e9\"}]},{\"@type\":\"WebSite\",\"@id\":\"https:\\\/\\\/estellesebene.fr\\\/#website\",\"url\":\"https:\\\/\\\/estellesebene.fr\\\/\",\"name\":\"estellesebene\",\"description\":\"Du r\u00eave et des mots\",\"publisher\":{\"@id\":\"https:\\\/\\\/estellesebene.fr\\\/#organization\"},\"potentialAction\":[{\"@type\":\"SearchAction\",\"target\":{\"@type\":\"EntryPoint\",\"urlTemplate\":\"https:\\\/\\\/estellesebene.fr\\\/?s={search_term_string}\"},\"query-input\":{\"@type\":\"PropertyValueSpecification\",\"valueRequired\":true,\"valueName\":\"search_term_string\"}}],\"inLanguage\":\"fr-FR\"},{\"@type\":\"Organization\",\"@id\":\"https:\\\/\\\/estellesebene.fr\\\/#organization\",\"name\":\"Estelle S\u00e9b\u00e8ne\",\"url\":\"https:\\\/\\\/estellesebene.fr\\\/\",\"logo\":{\"@type\":\"ImageObject\",\"inLanguage\":\"fr-FR\",\"@id\":\"https:\\\/\\\/estellesebene.fr\\\/#\\\/schema\\\/logo\\\/image\\\/\",\"url\":\"https:\\\/\\\/capsmdj.cluster030.hosting.ovh.net\\\/wp-content\\\/uploads\\\/2024\\\/01\\\/logo.png\",\"contentUrl\":\"https:\\\/\\\/capsmdj.cluster030.hosting.ovh.net\\\/wp-content\\\/uploads\\\/2024\\\/01\\\/logo.png\",\"width\":500,\"height\":500,\"caption\":\"Estelle S\u00e9b\u00e8ne\"},\"image\":{\"@id\":\"https:\\\/\\\/estellesebene.fr\\\/#\\\/schema\\\/logo\\\/image\\\/\"}}]}<\/script>\n<!-- \/ Yoast SEO plugin. -->","yoast_head_json":{"title":"Le Miroir de Subjugation broch\u00e9 - Estelle S\u00e9b\u00e8ne Autrice","description":"Il est d\u00e9vor\u00e9 par son pouvoir. Elle pense n'en avoir aucun. Une romantasy adulte one shot : les mille et une nuits \u00e0 la sauce d\u00e9moniaque.","robots":{"index":"index","follow":"follow","max-snippet":"max-snippet:-1","max-image-preview":"max-image-preview:large","max-video-preview":"max-video-preview:-1"},"canonical":"https:\/\/estellesebene.fr\/index.php\/produit\/le-miroir-de-subjugation-broche\/","og_locale":"fr_FR","og_type":"article","og_title":"Le Miroir de Subjugation broch\u00e9 - Estelle S\u00e9b\u00e8ne Autrice","og_description":"Il est d\u00e9vor\u00e9 par son pouvoir. Elle pense n'en avoir aucun. Une romantasy adulte one shot : les mille et une nuits \u00e0 la sauce d\u00e9moniaque.","og_url":"https:\/\/estellesebene.fr\/index.php\/produit\/le-miroir-de-subjugation-broche\/","og_site_name":"Estelle S\u00e9b\u00e8ne Autrice","article_modified_time":"2025-11-30T16:53:00+00:00","og_image":[{"width":1080,"height":1080,"url":"https:\/\/estellesebene.fr\/wp-content\/uploads\/2025\/05\/mockup.png","type":"image\/png"}],"twitter_card":"summary_large_image","twitter_misc":{"Dur\u00e9e de lecture estim\u00e9e":"1 minute"},"schema":{"@context":"https:\/\/schema.org","@graph":[{"@type":"WebPage","@id":"https:\/\/estellesebene.fr\/index.php\/produit\/le-miroir-de-subjugation-broche\/","url":"https:\/\/estellesebene.fr\/index.php\/produit\/le-miroir-de-subjugation-broche\/","name":"Le Miroir de Subjugation broch\u00e9 - Estelle S\u00e9b\u00e8ne Autrice","isPartOf":{"@id":"https:\/\/estellesebene.fr\/#website"},"primaryImageOfPage":{"@id":"https:\/\/estellesebene.fr\/index.php\/produit\/le-miroir-de-subjugation-broche\/#primaryimage"},"image":{"@id":"https:\/\/estellesebene.fr\/index.php\/produit\/le-miroir-de-subjugation-broche\/#primaryimage"},"thumbnailUrl":"https:\/\/estellesebene.fr\/wp-content\/uploads\/2025\/05\/mockup.png","datePublished":"2025-05-14T19:47:24+00:00","dateModified":"2025-11-30T16:53:00+00:00","description":"Il est d\u00e9vor\u00e9 par son pouvoir. Elle pense n'en avoir aucun. Une romantasy adulte one shot : les mille et une nuits \u00e0 la sauce d\u00e9moniaque.","breadcrumb":{"@id":"https:\/\/estellesebene.fr\/index.php\/produit\/le-miroir-de-subjugation-broche\/#breadcrumb"},"inLanguage":"fr-FR","potentialAction":[{"@type":"ReadAction","target":["https:\/\/estellesebene.fr\/index.php\/produit\/le-miroir-de-subjugation-broche\/"]}]},{"@type":"ImageObject","inLanguage":"fr-FR","@id":"https:\/\/estellesebene.fr\/index.php\/produit\/le-miroir-de-subjugation-broche\/#primaryimage","url":"https:\/\/estellesebene.fr\/wp-content\/uploads\/2025\/05\/mockup.png","contentUrl":"https:\/\/estellesebene.fr\/wp-content\/uploads\/2025\/05\/mockup.png","width":1080,"height":1080,"caption":"Le Miroir de Subjugation"},{"@type":"BreadcrumbList","@id":"https:\/\/estellesebene.fr\/index.php\/produit\/le-miroir-de-subjugation-broche\/#breadcrumb","itemListElement":[{"@type":"ListItem","position":1,"name":"Accueil","item":"https:\/\/estellesebene.fr\/"},{"@type":"ListItem","position":2,"name":"Boutique","item":"https:\/\/estellesebene.fr\/index.php\/boutique\/"},{"@type":"ListItem","position":3,"name":"Le Miroir de Subjugation broch\u00e9"}]},{"@type":"WebSite","@id":"https:\/\/estellesebene.fr\/#website","url":"https:\/\/estellesebene.fr\/","name":"estellesebene","description":"Du r\u00eave et des mots","publisher":{"@id":"https:\/\/estellesebene.fr\/#organization"},"potentialAction":[{"@type":"SearchAction","target":{"@type":"EntryPoint","urlTemplate":"https:\/\/estellesebene.fr\/?s={search_term_string}"},"query-input":{"@type":"PropertyValueSpecification","valueRequired":true,"valueName":"search_term_string"}}],"inLanguage":"fr-FR"},{"@type":"Organization","@id":"https:\/\/estellesebene.fr\/#organization","name":"Estelle S\u00e9b\u00e8ne","url":"https:\/\/estellesebene.fr\/","logo":{"@type":"ImageObject","inLanguage":"fr-FR","@id":"https:\/\/estellesebene.fr\/#\/schema\/logo\/image\/","url":"https:\/\/capsmdj.cluster030.hosting.ovh.net\/wp-content\/uploads\/2024\/01\/logo.png","contentUrl":"https:\/\/capsmdj.cluster030.hosting.ovh.net\/wp-content\/uploads\/2024\/01\/logo.png","width":500,"height":500,"caption":"Estelle S\u00e9b\u00e8ne"},"image":{"@id":"https:\/\/estellesebene.fr\/#\/schema\/logo\/image\/"}}]}},"_links":{"self":[{"href":"https:\/\/estellesebene.fr\/index.php\/wp-json\/wp\/v2\/product\/223","targetHints":{"allow":["GET"]}}],"collection":[{"href":"https:\/\/estellesebene.fr\/index.php\/wp-json\/wp\/v2\/product"}],"about":[{"href":"https:\/\/estellesebene.fr\/index.php\/wp-json\/wp\/v2\/types\/product"}],"replies":[{"embeddable":true,"href":"https:\/\/estellesebene.fr\/index.php\/wp-json\/wp\/v2\/comments?post=223"}],"wp:featuredmedia":[{"embeddable":true,"href":"https:\/\/estellesebene.fr\/index.php\/wp-json\/wp\/v2\/media\/224"}],"wp:attachment":[{"href":"https:\/\/estellesebene.fr\/index.php\/wp-json\/wp\/v2\/media?parent=223"}],"wp:term":[{"taxonomy":"product_brand","embeddable":true,"href":"https:\/\/estellesebene.fr\/index.php\/wp-json\/wp\/v2\/product_brand?post=223"},{"taxonomy":"product_cat","embeddable":true,"href":"https:\/\/estellesebene.fr\/index.php\/wp-json\/wp\/v2\/product_cat?post=223"},{"taxonomy":"product_tag","embeddable":true,"href":"https:\/\/estellesebene.fr\/index.php\/wp-json\/wp\/v2\/product_tag?post=223"}],"curies":[{"name":"wp","href":"https:\/\/api.w.org\/{rel}","templated":true}]}}